{"id":60,"date":"2017-04-23T17:09:20","date_gmt":"2017-04-23T16:09:20","guid":{"rendered":"https:\/\/mindau.de\/blog\/?page_id=60"},"modified":"2019-02-01T16:07:19","modified_gmt":"2019-02-01T15:07:19","slug":"impressum","status":"publish","type":"page","link":"https:\/\/mindau.de\/blog\/impressum\/","title":{"rendered":"Impressum"},"content":{"rendered":"<h2>Angaben gem\u00e4\u00df \u00a7 5 TMG<\/h2>\n<p>Mindaugas Milius<br \/>\nHinrichsring 12<br \/>\n30177, Hannover<\/p>\n<h2>Kontakt:<\/h2>\n<table>\n<tbody>\n<tr>\n<td>E-Mail:<\/td>\n<td><a title=\"Reveal this e-mail address\" href=\"http:\/\/www.google.com\/recaptcha\/mailhide\/d?k=01NXoBGk91IL1fW_w4CsqYzw==&amp;c=p0kiB5QUmPzgeyevLLVUWcbzZqxTPNoCDSSAD43Tpk0=\">mi&#8230;<\/a>@mindau.de<\/td>\n<\/tr>\n<\/tbody>\n<\/table>\n","protected":false},"excerpt":{"rendered":"<p>Angaben gem\u00e4\u00df \u00a7 5 TMG Mindaugas Milius Hinrichsring 12 30177, Hannover Kontakt: E-Mail: mi&#8230;@mindau.de<\/p>\n","protected":false},"author":1,"featured_media":0,"parent":0,"menu_order":0,"comment_status":"closed","ping_status":"closed","template":"","meta":{"jetpack_post_was_ever_published":false},"yoast_head":"<!-- This site is optimized with the Yoast SEO plugin v20.6 - https:\/\/yoast.com\/wordpress\/plugins\/seo\/ -->\n<title>Impressum - Mindau | Blog<\/title>\n<meta name=\"robots\" content=\"index, follow, max-snippet:-1, max-image-preview:large, max-video-preview:-1\" \/>\n<link rel=\"canonical\" href=\"https:\/\/mindau.de\/blog\/impressum\/\" \/>\n<meta property=\"og:locale\" content=\"en_US\" \/>\n<meta property=\"og:type\" content=\"article\" \/>\n<meta property=\"og:title\" content=\"Impressum - Mindau | Blog\" \/>\n<meta property=\"og:description\" content=\"Angaben gem\u00e4\u00df \u00a7 5 TMG Mindaugas Milius Hinrichsring 12 30177, Hannover Kontakt: E-Mail: mi&#8230;@mindau.de\" \/>\n<meta property=\"og:url\" content=\"https:\/\/mindau.de\/blog\/impressum\/\" \/>\n<meta property=\"og:site_name\" content=\"Mindau | Blog\" \/>\n<meta property=\"article:modified_time\" content=\"2019-02-01T15:07:19+00:00\" \/>\n<meta name=\"twitter:card\" content=\"summary_large_image\" \/>\n<meta name=\"twitter:site\" content=\"@MindaugasMilius\" \/>\n<script type=\"application\/ld+json\" class=\"yoast-schema-graph\">{\"@context\":\"https:\/\/schema.org\",\"@graph\":[{\"@type\":\"WebPage\",\"@id\":\"https:\/\/mindau.de\/blog\/impressum\/\",\"url\":\"https:\/\/mindau.de\/blog\/impressum\/\",\"name\":\"Impressum - Mindau | Blog\",\"isPartOf\":{\"@id\":\"https:\/\/mindau.de\/blog\/#website\"},\"datePublished\":\"2017-04-23T16:09:20+00:00\",\"dateModified\":\"2019-02-01T15:07:19+00:00\",\"breadcrumb\":{\"@id\":\"https:\/\/mindau.de\/blog\/impressum\/#breadcrumb\"},\"inLanguage\":\"en-US\",\"potentialAction\":[{\"@type\":\"ReadAction\",\"target\":[\"https:\/\/mindau.de\/blog\/impressum\/\"]}]},{\"@type\":\"BreadcrumbList\",\"@id\":\"https:\/\/mindau.de\/blog\/impressum\/#breadcrumb\",\"itemListElement\":[{\"@type\":\"ListItem\",\"position\":1,\"name\":\"Home\",\"item\":\"https:\/\/mindau.de\/blog\/\"},{\"@type\":\"ListItem\",\"position\":2,\"name\":\"Impressum\"}]},{\"@type\":\"WebSite\",\"@id\":\"https:\/\/mindau.de\/blog\/#website\",\"url\":\"https:\/\/mindau.de\/blog\/\",\"name\":\"Mindau | Blog\",\"description\":\"Mindaugas Milius\",\"publisher\":{\"@id\":\"https:\/\/mindau.de\/blog\/#\/schema\/person\/b59ad18a46b5a55b9319b41779682998\"},\"potentialAction\":[{\"@type\":\"SearchAction\",\"target\":{\"@type\":\"EntryPoint\",\"urlTemplate\":\"https:\/\/mindau.de\/blog\/?s={search_term_string}\"},\"query-input\":\"required name=search_term_string\"}],\"inLanguage\":\"en-US\"},{\"@type\":[\"Person\",\"Organization\"],\"@id\":\"https:\/\/mindau.de\/blog\/#\/schema\/person\/b59ad18a46b5a55b9319b41779682998\",\"name\":\"Mindau\",\"image\":{\"@type\":\"ImageObject\",\"inLanguage\":\"en-US\",\"@id\":\"https:\/\/mindau.de\/blog\/#\/schema\/person\/image\/\",\"url\":\"https:\/\/mindau.de\/blog\/wp-content\/uploads\/2022\/02\/1639431846236.jpeg\",\"contentUrl\":\"https:\/\/mindau.de\/blog\/wp-content\/uploads\/2022\/02\/1639431846236.jpeg\",\"width\":250,\"height\":250,\"caption\":\"Mindau\"},\"logo\":{\"@id\":\"https:\/\/mindau.de\/blog\/#\/schema\/person\/image\/\"},\"sameAs\":[\"http:\/\/mindau.de\",\"https:\/\/www.linkedin.com\/in\/mindaugasmilius\/\",\"https:\/\/twitter.com\/MindaugasMilius\"]}]}<\/script>\n<!-- \/ Yoast SEO plugin. -->","yoast_head_json":{"title":"Impressum - Mindau | Blog","robots":{"index":"index","follow":"follow","max-snippet":"max-snippet:-1","max-image-preview":"max-image-preview:large","max-video-preview":"max-video-preview:-1"},"canonical":"https:\/\/mindau.de\/blog\/impressum\/","og_locale":"en_US","og_type":"article","og_title":"Impressum - Mindau | Blog","og_description":"Angaben gem\u00e4\u00df \u00a7 5 TMG Mindaugas Milius Hinrichsring 12 30177, Hannover Kontakt: E-Mail: mi&#8230;@mindau.de","og_url":"https:\/\/mindau.de\/blog\/impressum\/","og_site_name":"Mindau | Blog","article_modified_time":"2019-02-01T15:07:19+00:00","twitter_card":"summary_large_image","twitter_site":"@MindaugasMilius","schema":{"@context":"https:\/\/schema.org","@graph":[{"@type":"WebPage","@id":"https:\/\/mindau.de\/blog\/impressum\/","url":"https:\/\/mindau.de\/blog\/impressum\/","name":"Impressum - Mindau | Blog","isPartOf":{"@id":"https:\/\/mindau.de\/blog\/#website"},"datePublished":"2017-04-23T16:09:20+00:00","dateModified":"2019-02-01T15:07:19+00:00","breadcrumb":{"@id":"https:\/\/mindau.de\/blog\/impressum\/#breadcrumb"},"inLanguage":"en-US","potentialAction":[{"@type":"ReadAction","target":["https:\/\/mindau.de\/blog\/impressum\/"]}]},{"@type":"BreadcrumbList","@id":"https:\/\/mindau.de\/blog\/impressum\/#breadcrumb","itemListElement":[{"@type":"ListItem","position":1,"name":"Home","item":"https:\/\/mindau.de\/blog\/"},{"@type":"ListItem","position":2,"name":"Impressum"}]},{"@type":"WebSite","@id":"https:\/\/mindau.de\/blog\/#website","url":"https:\/\/mindau.de\/blog\/","name":"Mindau | Blog","description":"Mindaugas Milius","publisher":{"@id":"https:\/\/mindau.de\/blog\/#\/schema\/person\/b59ad18a46b5a55b9319b41779682998"},"potentialAction":[{"@type":"SearchAction","target":{"@type":"EntryPoint","urlTemplate":"https:\/\/mindau.de\/blog\/?s={search_term_string}"},"query-input":"required name=search_term_string"}],"inLanguage":"en-US"},{"@type":["Person","Organization"],"@id":"https:\/\/mindau.de\/blog\/#\/schema\/person\/b59ad18a46b5a55b9319b41779682998","name":"Mindau","image":{"@type":"ImageObject","inLanguage":"en-US","@id":"https:\/\/mindau.de\/blog\/#\/schema\/person\/image\/","url":"https:\/\/mindau.de\/blog\/wp-content\/uploads\/2022\/02\/1639431846236.jpeg","contentUrl":"https:\/\/mindau.de\/blog\/wp-content\/uploads\/2022\/02\/1639431846236.jpeg","width":250,"height":250,"caption":"Mindau"},"logo":{"@id":"https:\/\/mindau.de\/blog\/#\/schema\/person\/image\/"},"sameAs":["http:\/\/mindau.de","https:\/\/www.linkedin.com\/in\/mindaugasmilius\/","https:\/\/twitter.com\/MindaugasMilius"]}]}},"jetpack_sharing_enabled":true,"jetpack_shortlink":"https:\/\/wp.me\/Pcptsa-Y","jetpack-related-posts":[{"id":350,"url":"https:\/\/mindau.de\/blog\/portfolio\/","url_meta":{"origin":60,"position":0},"title":"Portfolio","date":"February 5, 2019","format":false,"excerpt":"[visual_portfolio id=\"397\" class=\"\"]","rel":"","context":"Similar post","img":{"alt_text":"","src":"","width":0,"height":0},"classes":[]},{"id":68,"url":"https:\/\/mindau.de\/blog\/privacy-policy\/","url_meta":{"origin":60,"position":1},"title":"Privacy policy","date":"April 25, 2017","format":false,"excerpt":"Datenschutz Die Betreiber dieser Seiten nehmen den Schutz Ihrer pers\u00f6nlichen Daten sehr ernst. Wir behandeln Ihre personenbezogenen Daten vertraulich und entsprechend der gesetzlichen Datenschutzvorschriften sowie dieser Datenschutzerkl\u00e4rung. Die Nutzung unserer Webseite ist in der Regel ohne Angabe personenbezogener Daten m\u00f6glich. Soweit auf unseren Seiten personenbezogene Daten (beispielsweise Name, Anschrift oder\u2026","rel":"","context":"Similar post","img":{"alt_text":"","src":"","width":0,"height":0},"classes":[]},{"id":226,"url":"https:\/\/mindau.de\/blog\/disclaimer\/","url_meta":{"origin":60,"position":2},"title":"Disclaimer","date":"October 26, 2017","format":false,"excerpt":"Disclaimer 1. Warnhinweis zu Inhalten Die kostenlosen und frei zug\u00e4nglichen Inhalte dieser Webseite wurden mit gr\u00f6\u00dftm\u00f6glicher Sorgfalt erstellt. Der Anbieter dieser Webseite \u00fcbernimmt jedoch keine Gew\u00e4hr f\u00fcr die Richtigkeit und Aktualit\u00e4t der bereitgestellten kostenlosen und frei zug\u00e4nglichen journalistischen Ratgeber und Nachrichten. Die Nutzung dieser Webseiteninhalte erfolgt auf eigene Gefahr. Allein\u2026","rel":"","context":"Similar post","img":{"alt_text":"","src":"","width":0,"height":0},"classes":[]}],"_links":{"self":[{"href":"https:\/\/mindau.de\/blog\/wp-json\/wp\/v2\/pages\/60"}],"collection":[{"href":"https:\/\/mindau.de\/blog\/wp-json\/wp\/v2\/pages"}],"about":[{"href":"https:\/\/mindau.de\/blog\/wp-json\/wp\/v2\/types\/page"}],"author":[{"embeddable":true,"href":"https:\/\/mindau.de\/blog\/wp-json\/wp\/v2\/users\/1"}],"replies":[{"embeddable":true,"href":"https:\/\/mindau.de\/blog\/wp-json\/wp\/v2\/comments?post=60"}],"version-history":[{"count":10,"href":"https:\/\/mindau.de\/blog\/wp-json\/wp\/v2\/pages\/60\/revisions"}],"predecessor-version":[{"id":333,"href":"https:\/\/mindau.de\/blog\/wp-json\/wp\/v2\/pages\/60\/revisions\/333"}],"wp:attachment":[{"href":"https:\/\/mindau.de\/blog\/wp-json\/wp\/v2\/media?parent=60"}],"curies":[{"name":"wp","href":"https:\/\/api.w.org\/{rel}","templated":true}]}}