{"id":226,"date":"2017-10-26T16:44:24","date_gmt":"2017-10-26T15:44:24","guid":{"rendered":"https:\/\/mindau.de\/blog\/?page_id=226"},"modified":"2017-10-26T16:44:24","modified_gmt":"2017-10-26T15:44:24","slug":"disclaimer","status":"publish","type":"page","link":"https:\/\/mindau.de\/blog\/disclaimer\/","title":{"rendered":"Disclaimer"},"content":{"rendered":"<h1>Disclaimer<\/h1>\n<h2>1. Warnhinweis zu Inhalten<\/h2>\n<p>Die kostenlosen und frei zug\u00e4nglichen Inhalte dieser Webseite wurden mit gr\u00f6\u00dftm\u00f6glicher Sorgfalt erstellt. Der Anbieter dieser Webseite \u00fcbernimmt jedoch keine Gew\u00e4hr f\u00fcr die Richtigkeit und Aktualit\u00e4t der bereitgestellten kostenlosen und frei zug\u00e4nglichen journalistischen Ratgeber und Nachrichten. Die Nutzung dieser Webseiteninhalte erfolgt auf eigene Gefahr. Allein durch den Aufruf dieser kostenlosen und frei zug\u00e4nglichen Inhalte kommt keinerlei Vertragsverh\u00e4ltnis zwischen dem Nutzer und dem Anbieter zustande, insoweit fehlt es am Rechtsbindungswillen des Anbieters.<\/p>\n<h2>2. Verlinkungen<\/h2>\n<p>Die Webseite enth\u00e4lt Verlinkungen zu anderen Webseiten (&#8220;externe Links&#8221;). Diese Webseiten unterliegen der Haftung der jeweiligen Seitenbetreiber. Bei Verkn\u00fcpfung der externen Links waren keine Rechtsverst\u00f6\u00dfe ersichtlich. Auf die aktuelle und k\u00fcnftige Gestaltung der verlinkten Seiten hat der Anbieter keinen Einfluss. Die permanente \u00dcberpr\u00fcfung der externen Links ist f\u00fcr den Anbieter ohne konkrete Hinweise auf Rechtsverst\u00f6\u00dfe nicht zumutbar. Bei Bekanntwerden von Rechtsverst\u00f6\u00dfen werden die betroffenen externen Links unverz\u00fcglich gel\u00f6scht.<\/p>\n<h2>3. Urheberrecht \/ Leistungsschutzrecht<\/h2>\n<p>Die auf dieser Webseite durch den Anbieter ver\u00f6ffentlichten Inhalte unterliegen dem deutschen Urheberrecht und Leistungsschutzrecht. Alle vom deutschen Urheber- und Leistungsschutzrecht nicht zugelassene Verwertung bedarf der vorherigen schriftlichen Zustimmung des Anbieters oder jeweiligen Rechteinhabers. Dies gilt vor allem f\u00fcr Vervielf\u00e4ltigung, Bearbeitung, \u00dcbersetzung, Einspeicherung, Verarbeitung bzw. Wiedergabe von Inhalten in Datenbanken oder anderen elektronischen Medien und Systemen. Dabei sind Inhalte und Rechte Dritter als solche gekennzeichnet. Das unerlaubte Kopieren der Webseiteninhalte oder der kompletten Webseite ist nicht gestattet und strafbar. Lediglich die Herstellung von Kopien und Downloads f\u00fcr den pers\u00f6nlichen, privaten und nicht kommerziellen Gebrauch ist erlaubt.<\/p>\n<p>Diese Website darf ohne schriftliche Erlaubnis nicht durch Dritte in Frames oder iFrames dargestellt werden.<\/p>\n<h2>4. Keine Werbung<\/h2>\n<p>Die Verwendung der Kontaktdaten des Impressums zur gewerblichen Werbung ist ausdr\u00fccklich nicht erw\u00fcnscht, es sei denn der Anbieter hatte zuvor seine schriftliche Einwilligung erteilt oder es besteht bereits eine Gesch\u00e4ftsbeziehung. Der Anbieter und alle auf dieser Website genannten Personen widersprechen hiermit jeder kommerziellen Verwendung und Weitergabe ihrer Daten.<\/p>\n<h2>5. Besondere Nutzungsbedingungen<\/h2>\n<p>Soweit besondere Bedingungen f\u00fcr einzelne Nutzungen dieser Website von den vorgenannten Nummern 1. bis 4. abweichen, wird an entsprechender Stelle ausdr\u00fccklich darauf hingewiesen. In diesem Falle gelten im jeweiligen Einzelfall die besonderen Bedingungen.<\/p>\n<p>Quelle: <a href=\"http:\/\/www.fachanwalt.de\/\">Fachanwalt.de<\/a><\/p>\n","protected":false},"excerpt":{"rendered":"<p>Disclaimer 1. Warnhinweis zu Inhalten Die kostenlosen und frei zug\u00e4nglichen Inhalte dieser Webseite wurden mit gr\u00f6\u00dftm\u00f6glicher Sorgfalt erstellt. Der Anbieter dieser Webseite \u00fcbernimmt jedoch keine Gew\u00e4hr f\u00fcr die Richtigkeit und Aktualit\u00e4t der bereitgestellten kostenlosen und frei zug\u00e4nglichen journalistischen Ratgeber und Nachrichten. Die Nutzung dieser Webseiteninhalte erfolgt auf eigene Gefahr. Allein durch den Aufruf dieser kostenlosen &hellip; <a href=\"https:\/\/mindau.de\/blog\/disclaimer\/\" class=\"more-link\">Continue reading <span class=\"screen-reader-text\">Disclaimer<\/span><\/a><\/p>\n","protected":false},"author":1,"featured_media":0,"parent":0,"menu_order":3,"comment_status":"closed","ping_status":"closed","template":"","meta":{"jetpack_post_was_ever_published":false},"yoast_head":"<!-- This site is optimized with the Yoast SEO plugin v20.6 - https:\/\/yoast.com\/wordpress\/plugins\/seo\/ -->\n<title>Disclaimer - Mindau | Blog<\/title>\n<meta name=\"robots\" content=\"index, follow, max-snippet:-1, max-image-preview:large, max-video-preview:-1\" \/>\n<link rel=\"canonical\" href=\"https:\/\/mindau.de\/blog\/disclaimer\/\" \/>\n<meta property=\"og:locale\" content=\"en_US\" \/>\n<meta property=\"og:type\" content=\"article\" \/>\n<meta property=\"og:title\" content=\"Disclaimer - Mindau | Blog\" \/>\n<meta property=\"og:description\" content=\"Disclaimer 1. Warnhinweis zu Inhalten Die kostenlosen und frei zug\u00e4nglichen Inhalte dieser Webseite wurden mit gr\u00f6\u00dftm\u00f6glicher Sorgfalt erstellt. Der Anbieter dieser Webseite \u00fcbernimmt jedoch keine Gew\u00e4hr f\u00fcr die Richtigkeit und Aktualit\u00e4t der bereitgestellten kostenlosen und frei zug\u00e4nglichen journalistischen Ratgeber und Nachrichten. Die Nutzung dieser Webseiteninhalte erfolgt auf eigene Gefahr. Allein durch den Aufruf dieser kostenlosen &hellip; Continue reading Disclaimer\" \/>\n<meta property=\"og:url\" content=\"https:\/\/mindau.de\/blog\/disclaimer\/\" \/>\n<meta property=\"og:site_name\" content=\"Mindau | Blog\" \/>\n<meta name=\"twitter:card\" content=\"summary_large_image\" \/>\n<meta name=\"twitter:site\" content=\"@MindaugasMilius\" \/>\n<meta name=\"twitter:label1\" content=\"Est. reading time\" \/>\n\t<meta name=\"twitter:data1\" content=\"2 minutes\" \/>\n<script type=\"application\/ld+json\" class=\"yoast-schema-graph\">{\"@context\":\"https:\/\/schema.org\",\"@graph\":[{\"@type\":\"WebPage\",\"@id\":\"https:\/\/mindau.de\/blog\/disclaimer\/\",\"url\":\"https:\/\/mindau.de\/blog\/disclaimer\/\",\"name\":\"Disclaimer - Mindau | Blog\",\"isPartOf\":{\"@id\":\"https:\/\/mindau.de\/blog\/#website\"},\"datePublished\":\"2017-10-26T15:44:24+00:00\",\"dateModified\":\"2017-10-26T15:44:24+00:00\",\"breadcrumb\":{\"@id\":\"https:\/\/mindau.de\/blog\/disclaimer\/#breadcrumb\"},\"inLanguage\":\"en-US\",\"potentialAction\":[{\"@type\":\"ReadAction\",\"target\":[\"https:\/\/mindau.de\/blog\/disclaimer\/\"]}]},{\"@type\":\"BreadcrumbList\",\"@id\":\"https:\/\/mindau.de\/blog\/disclaimer\/#breadcrumb\",\"itemListElement\":[{\"@type\":\"ListItem\",\"position\":1,\"name\":\"Home\",\"item\":\"https:\/\/mindau.de\/blog\/\"},{\"@type\":\"ListItem\",\"position\":2,\"name\":\"Disclaimer\"}]},{\"@type\":\"WebSite\",\"@id\":\"https:\/\/mindau.de\/blog\/#website\",\"url\":\"https:\/\/mindau.de\/blog\/\",\"name\":\"Mindau | Blog\",\"description\":\"Mindaugas Milius\",\"publisher\":{\"@id\":\"https:\/\/mindau.de\/blog\/#\/schema\/person\/b59ad18a46b5a55b9319b41779682998\"},\"potentialAction\":[{\"@type\":\"SearchAction\",\"target\":{\"@type\":\"EntryPoint\",\"urlTemplate\":\"https:\/\/mindau.de\/blog\/?s={search_term_string}\"},\"query-input\":\"required name=search_term_string\"}],\"inLanguage\":\"en-US\"},{\"@type\":[\"Person\",\"Organization\"],\"@id\":\"https:\/\/mindau.de\/blog\/#\/schema\/person\/b59ad18a46b5a55b9319b41779682998\",\"name\":\"Mindau\",\"image\":{\"@type\":\"ImageObject\",\"inLanguage\":\"en-US\",\"@id\":\"https:\/\/mindau.de\/blog\/#\/schema\/person\/image\/\",\"url\":\"https:\/\/mindau.de\/blog\/wp-content\/uploads\/2022\/02\/1639431846236.jpeg\",\"contentUrl\":\"https:\/\/mindau.de\/blog\/wp-content\/uploads\/2022\/02\/1639431846236.jpeg\",\"width\":250,\"height\":250,\"caption\":\"Mindau\"},\"logo\":{\"@id\":\"https:\/\/mindau.de\/blog\/#\/schema\/person\/image\/\"},\"sameAs\":[\"http:\/\/mindau.de\",\"https:\/\/www.linkedin.com\/in\/mindaugasmilius\/\",\"https:\/\/twitter.com\/MindaugasMilius\"]}]}<\/script>\n<!-- \/ Yoast SEO plugin. -->","yoast_head_json":{"title":"Disclaimer - Mindau | Blog","robots":{"index":"index","follow":"follow","max-snippet":"max-snippet:-1","max-image-preview":"max-image-preview:large","max-video-preview":"max-video-preview:-1"},"canonical":"https:\/\/mindau.de\/blog\/disclaimer\/","og_locale":"en_US","og_type":"article","og_title":"Disclaimer - Mindau | Blog","og_description":"Disclaimer 1. Warnhinweis zu Inhalten Die kostenlosen und frei zug\u00e4nglichen Inhalte dieser Webseite wurden mit gr\u00f6\u00dftm\u00f6glicher Sorgfalt erstellt. Der Anbieter dieser Webseite \u00fcbernimmt jedoch keine Gew\u00e4hr f\u00fcr die Richtigkeit und Aktualit\u00e4t der bereitgestellten kostenlosen und frei zug\u00e4nglichen journalistischen Ratgeber und Nachrichten. Die Nutzung dieser Webseiteninhalte erfolgt auf eigene Gefahr. Allein durch den Aufruf dieser kostenlosen &hellip; Continue reading Disclaimer","og_url":"https:\/\/mindau.de\/blog\/disclaimer\/","og_site_name":"Mindau | Blog","twitter_card":"summary_large_image","twitter_site":"@MindaugasMilius","twitter_misc":{"Est. reading time":"2 minutes"},"schema":{"@context":"https:\/\/schema.org","@graph":[{"@type":"WebPage","@id":"https:\/\/mindau.de\/blog\/disclaimer\/","url":"https:\/\/mindau.de\/blog\/disclaimer\/","name":"Disclaimer - Mindau | Blog","isPartOf":{"@id":"https:\/\/mindau.de\/blog\/#website"},"datePublished":"2017-10-26T15:44:24+00:00","dateModified":"2017-10-26T15:44:24+00:00","breadcrumb":{"@id":"https:\/\/mindau.de\/blog\/disclaimer\/#breadcrumb"},"inLanguage":"en-US","potentialAction":[{"@type":"ReadAction","target":["https:\/\/mindau.de\/blog\/disclaimer\/"]}]},{"@type":"BreadcrumbList","@id":"https:\/\/mindau.de\/blog\/disclaimer\/#breadcrumb","itemListElement":[{"@type":"ListItem","position":1,"name":"Home","item":"https:\/\/mindau.de\/blog\/"},{"@type":"ListItem","position":2,"name":"Disclaimer"}]},{"@type":"WebSite","@id":"https:\/\/mindau.de\/blog\/#website","url":"https:\/\/mindau.de\/blog\/","name":"Mindau | Blog","description":"Mindaugas Milius","publisher":{"@id":"https:\/\/mindau.de\/blog\/#\/schema\/person\/b59ad18a46b5a55b9319b41779682998"},"potentialAction":[{"@type":"SearchAction","target":{"@type":"EntryPoint","urlTemplate":"https:\/\/mindau.de\/blog\/?s={search_term_string}"},"query-input":"required name=search_term_string"}],"inLanguage":"en-US"},{"@type":["Person","Organization"],"@id":"https:\/\/mindau.de\/blog\/#\/schema\/person\/b59ad18a46b5a55b9319b41779682998","name":"Mindau","image":{"@type":"ImageObject","inLanguage":"en-US","@id":"https:\/\/mindau.de\/blog\/#\/schema\/person\/image\/","url":"https:\/\/mindau.de\/blog\/wp-content\/uploads\/2022\/02\/1639431846236.jpeg","contentUrl":"https:\/\/mindau.de\/blog\/wp-content\/uploads\/2022\/02\/1639431846236.jpeg","width":250,"height":250,"caption":"Mindau"},"logo":{"@id":"https:\/\/mindau.de\/blog\/#\/schema\/person\/image\/"},"sameAs":["http:\/\/mindau.de","https:\/\/www.linkedin.com\/in\/mindaugasmilius\/","https:\/\/twitter.com\/MindaugasMilius"]}]}},"jetpack_sharing_enabled":true,"jetpack_shortlink":"https:\/\/wp.me\/Pcptsa-3E","jetpack-related-posts":[{"id":68,"url":"https:\/\/mindau.de\/blog\/privacy-policy\/","url_meta":{"origin":226,"position":0},"title":"Privacy policy","date":"April 25, 2017","format":false,"excerpt":"Datenschutz Die Betreiber dieser Seiten nehmen den Schutz Ihrer pers\u00f6nlichen Daten sehr ernst. Wir behandeln Ihre personenbezogenen Daten vertraulich und entsprechend der gesetzlichen Datenschutzvorschriften sowie dieser Datenschutzerkl\u00e4rung. Die Nutzung unserer Webseite ist in der Regel ohne Angabe personenbezogener Daten m\u00f6glich. Soweit auf unseren Seiten personenbezogene Daten (beispielsweise Name, Anschrift oder\u2026","rel":"","context":"Similar post","img":{"alt_text":"","src":"","width":0,"height":0},"classes":[]}],"_links":{"self":[{"href":"https:\/\/mindau.de\/blog\/wp-json\/wp\/v2\/pages\/226"}],"collection":[{"href":"https:\/\/mindau.de\/blog\/wp-json\/wp\/v2\/pages"}],"about":[{"href":"https:\/\/mindau.de\/blog\/wp-json\/wp\/v2\/types\/page"}],"author":[{"embeddable":true,"href":"https:\/\/mindau.de\/blog\/wp-json\/wp\/v2\/users\/1"}],"replies":[{"embeddable":true,"href":"https:\/\/mindau.de\/blog\/wp-json\/wp\/v2\/comments?post=226"}],"version-history":[{"count":1,"href":"https:\/\/mindau.de\/blog\/wp-json\/wp\/v2\/pages\/226\/revisions"}],"predecessor-version":[{"id":227,"href":"https:\/\/mindau.de\/blog\/wp-json\/wp\/v2\/pages\/226\/revisions\/227"}],"wp:attachment":[{"href":"https:\/\/mindau.de\/blog\/wp-json\/wp\/v2\/media?parent=226"}],"curies":[{"name":"wp","href":"https:\/\/api.w.org\/{rel}","templated":true}]}}